{"id":3922,"date":"2026-03-22T11:20:54","date_gmt":"2026-03-22T11:20:54","guid":{"rendered":"https:\/\/www.bonettoautomation.com\/?page_id=3922"},"modified":"2026-04-02T21:57:28","modified_gmt":"2026-04-02T21:57:28","slug":"support-technique","status":"publish","type":"page","link":"https:\/\/www.bonettoautomation.com\/fr\/support-technique\/","title":{"rendered":"Support technique"},"content":{"rendered":"<section class=\"l-section wpb_row height_medium with_img\"><div class=\"l-section-img\" style=\"background-image: url(https:\/\/www.bonettoautomation.com\/wp-content\/uploads\/2026\/01\/sfondo_titolo-02.jpg);\" data-img-width=\"1921\" data-img-height=\"401\"><\/div><div class=\"l-section-h i-cf\"><div class=\"g-cols vc_row via_flex valign_top type_default stacking_default\"><div class=\"vc_col-sm-12 wpb_column vc_column_container\"><div class=\"vc_column-inner\"><div class=\"wpb_wrapper\"><div class=\"wpb_text_column\"><div class=\"wpb_wrapper\"><h1 style=\"text-align: center; color: #ffffff;\">SUPPORT TECHNIQUE<\/h1>\n<\/div><\/div><\/div><\/div><\/div><\/div><\/div><\/section><section class=\"l-section wpb_row us_custom_4fb9e5a3 height_medium\"><div class=\"l-section-overlay\" style=\"background:#ffffff\"><\/div><div class=\"l-section-h i-cf\"><div class=\"g-cols vc_row via_flex valign_top type_default stacking_default\"><div class=\"vc_col-sm-2 wpb_column vc_column_container\"><div class=\"vc_column-inner\"><div class=\"wpb_wrapper\"><\/div><\/div><\/div><div class=\"vc_col-sm-8 wpb_column vc_column_container\"><div class=\"vc_column-inner\"><div class=\"wpb_wrapper\"><div class=\"wpb_text_column us_custom_21d03b55 has_text_color\"><div class=\"wpb_wrapper\"><h2 style=\"text-align: center;\"><strong>Chaque syst\u00e8me que nous livrons est un engagement qui s&rsquo;inscrit dans la dur\u00e9e<\/strong><\/h2>\n<\/div><\/div><div class=\"w-separator size_small with_line width_30 thick_1 style_solid color_primary align_center\"><div class=\"w-separator-h\"><\/div><\/div><div class=\"wpb_text_column us_custom_21d03b55 has_text_color\"><div class=\"wpb_wrapper\"><p style=\"text-align: center;\">La fin de l&rsquo;installation n&rsquo;est que le d\u00e9but de notre mission. Nous offrons un service apr\u00e8s-vente structur\u00e9 pour garantir la continuit\u00e9 op\u00e9rationnelle, l&rsquo;efficacit\u00e9 maximale et l&rsquo;extension du cycle de vie de vos syst\u00e8mes. Nos prestations incluent : interventions sur site, t\u00e9l\u00e9assistance \u00e0 distance sur PLC, robots et IHM, analyse de processus, mises \u00e0 niveau technologiques et programmes de maintenance pr\u00e9ventive con\u00e7us pour \u00e9liminer les arr\u00eats machine.<\/p>\n<p style=\"text-align: center;\">Une \u00e9quipe technique sp\u00e9cialis\u00e9e \u00e0 vos c\u00f4t\u00e9s, toujours.<\/p>\n<\/div><\/div><\/div><\/div><\/div><div class=\"vc_col-sm-2 wpb_column vc_column_container\"><div class=\"vc_column-inner\"><div class=\"wpb_wrapper\"><\/div><\/div><\/div><\/div><\/div><\/section><section class=\"l-section wpb_row us_custom_f9dc0060 height_medium\"><div class=\"l-section-h i-cf\"><div class=\"g-cols vc_row via_flex valign_top type_default stacking_default\"><div class=\"vc_col-sm-1\/5 wpb_column vc_column_container has_bg_color\"><div class=\"vc_column-inner us_custom_5cb6a5a6\"><div class=\"wpb_wrapper\"><div class=\"wpb_text_column us_custom_6df4bc3a has_text_color\"><div class=\"wpb_wrapper\"><p style=\"text-align: center;\"><b>SUPPORT TECHNIQUE<\/b><b><\/b><\/p>\n<p style=\"text-align: center;\">Interventions sur site planifi\u00e9es ou \u00e0 la demande, assur\u00e9es par nos experts techniques qualifi\u00e9s.<\/p>\n<\/div><\/div><\/div><\/div><\/div><div class=\"vc_col-sm-1\/5 wpb_column vc_column_container has_bg_color\"><div class=\"vc_column-inner us_custom_5cb6a5a6\"><div class=\"wpb_wrapper\"><div class=\"wpb_text_column us_custom_6df4bc3a has_text_color\"><div class=\"wpb_wrapper\"><p style=\"text-align: center;\"><b>ASSISTANCE \u00c0 DISTANCE<\/b><b><\/b><\/p>\n<p style=\"text-align: center;\">Services de t\u00e9l\u00e9assistance via connexion \u00e0 distance s\u00e9curis\u00e9e aux syst\u00e8mes de supervision pour le support sur automates (PLC), robots et IHM.<\/p>\n<\/div><\/div><\/div><\/div><\/div><div class=\"vc_col-sm-1\/5 wpb_column vc_column_container has_bg_color\"><div class=\"vc_column-inner us_custom_5cb6a5a6\"><div class=\"wpb_wrapper\"><div class=\"wpb_text_column us_custom_6df4bc3a has_text_color\"><div class=\"wpb_wrapper\"><p style=\"text-align: center;\"><b>ANALYSE ET TRA\u00c7ABILIT\u00c9<\/b><b><\/b><\/p>\n<p style=\"text-align: center;\">Analyse des donn\u00e9es de processus et des syst\u00e8mes de tra\u00e7abilit\u00e9 pour l&rsquo;identification rapide des anomalies.<\/p>\n<\/div><\/div><\/div><\/div><\/div><div class=\"vc_col-sm-1\/5 wpb_column vc_column_container has_bg_color\"><div class=\"vc_column-inner us_custom_5cb6a5a6\"><div class=\"wpb_wrapper\"><div class=\"wpb_text_column us_custom_6df4bc3a has_text_color\"><div class=\"wpb_wrapper\"><p style=\"text-align: center;\"><b>MODERNISATION DES SYST\u00c8MES<\/b><b><\/b><\/p>\n<p style=\"text-align: center;\">Mises \u00e0 jour m\u00e9caniques et logicielles pour am\u00e9liorer les performances, la fiabilit\u00e9 et le cycle de vie de vos \u00e9quipements.<\/p>\n<\/div><\/div><\/div><\/div><\/div><div class=\"vc_col-sm-1\/5 wpb_column vc_column_container has_bg_color\"><div class=\"vc_column-inner us_custom_5cb6a5a6\"><div class=\"wpb_wrapper\"><div class=\"wpb_text_column us_custom_6df4bc3a has_text_color\"><div class=\"wpb_wrapper\"><p style=\"text-align: center;\"><b>MAINTENANCE ET PI\u00c8CES DE RECHANGE<\/b><b><\/b><\/p>\n<p style=\"text-align: center;\">Gestion des pi\u00e8ces de rechange et programmes de maintenance pr\u00e9ventive pour la r\u00e9duction des arr\u00eats machine.<\/p>\n<\/div><\/div><\/div><\/div><\/div><\/div><\/div><\/section>\n","protected":false},"excerpt":{"rendered":"SUPPORT TECHNIQUE Chaque syst\u00e8me que nous livrons est un engagement qui s&rsquo;inscrit dans la dur\u00e9e La fin de l&rsquo;installation n&rsquo;est que le d\u00e9but de notre mission. Nous offrons un service apr\u00e8s-vente structur\u00e9 pour garantir la continuit\u00e9 op\u00e9rationnelle, l&rsquo;efficacit\u00e9 maximale et l&rsquo;extension du cycle de vie de vos syst\u00e8mes. Nos prestations incluent : interventions sur site,...","protected":false},"author":3,"featured_media":0,"parent":0,"menu_order":0,"comment_status":"closed","ping_status":"closed","template":"","meta":{"footnotes":""},"class_list":["post-3922","page","type-page","status-publish","hentry"],"yoast_head":"<!-- This site is optimized with the Yoast SEO plugin v23.5 - https:\/\/yoast.com\/wordpress\/plugins\/seo\/ -->\n<title>Support technique - Bonetto Automation<\/title>\n<meta name=\"description\" content=\"Support technique pour l&#039;automation industrielle : interventions sur site, t\u00e9l\u00e9assistance PLC et maintenance pr\u00e9ventive per optimiser vos cycles.\" \/>\n<meta name=\"robots\" content=\"index, follow, max-snippet:-1, max-image-preview:large, max-video-preview:-1\" \/>\n<link rel=\"canonical\" href=\"https:\/\/www.bonettoautomation.com\/assistenza-tecnica-automazione-industriale\/\" \/>\n<meta property=\"og:locale\" content=\"fr_FR\" \/>\n<meta property=\"og:type\" content=\"article\" \/>\n<meta property=\"og:title\" content=\"Support technique - Bonetto Automation\" \/>\n<meta property=\"og:description\" content=\"Support technique pour l&#039;automation industrielle : interventions sur site, t\u00e9l\u00e9assistance PLC et maintenance pr\u00e9ventive per optimiser vos cycles.\" \/>\n<meta property=\"og:url\" content=\"https:\/\/www.bonettoautomation.com\/assistenza-tecnica-automazione-industriale\/\" \/>\n<meta property=\"og:site_name\" content=\"Bonetto Automation\" \/>\n<meta property=\"article:modified_time\" content=\"2026-04-02T21:57:28+00:00\" \/>\n<meta name=\"twitter:card\" content=\"summary_large_image\" \/>\n<meta name=\"twitter:label1\" content=\"Dur\u00e9e de lecture estim\u00e9e\" \/>\n\t<meta name=\"twitter:data1\" content=\"2 minutes\" \/>\n<script type=\"application\/ld+json\" class=\"yoast-schema-graph\">{\"@context\":\"https:\/\/schema.org\",\"@graph\":[{\"@type\":\"WebPage\",\"@id\":\"https:\/\/www.bonettoautomation.com\/assistenza-tecnica-automazione-industriale\/\",\"url\":\"https:\/\/www.bonettoautomation.com\/assistenza-tecnica-automazione-industriale\/\",\"name\":\"Support technique - Bonetto Automation\",\"isPartOf\":{\"@id\":\"https:\/\/www.bonettoautomation.com\/#website\"},\"datePublished\":\"2026-03-22T11:20:54+00:00\",\"dateModified\":\"2026-04-02T21:57:28+00:00\",\"description\":\"Support technique pour l'automation industrielle : interventions sur site, t\u00e9l\u00e9assistance PLC et maintenance pr\u00e9ventive per optimiser vos cycles.\",\"breadcrumb\":{\"@id\":\"https:\/\/www.bonettoautomation.com\/assistenza-tecnica-automazione-industriale\/#breadcrumb\"},\"inLanguage\":\"fr-FR\",\"potentialAction\":[{\"@type\":\"ReadAction\",\"target\":[\"https:\/\/www.bonettoautomation.com\/assistenza-tecnica-automazione-industriale\/\"]}]},{\"@type\":\"BreadcrumbList\",\"@id\":\"https:\/\/www.bonettoautomation.com\/assistenza-tecnica-automazione-industriale\/#breadcrumb\",\"itemListElement\":[{\"@type\":\"ListItem\",\"position\":1,\"name\":\"Home\",\"item\":\"https:\/\/www.bonettoautomation.com\/fr\/\"},{\"@type\":\"ListItem\",\"position\":2,\"name\":\"Support technique\"}]},{\"@type\":\"WebSite\",\"@id\":\"https:\/\/www.bonettoautomation.com\/#website\",\"url\":\"https:\/\/www.bonettoautomation.com\/\",\"name\":\"Bonetto Automation\",\"description\":\"\",\"potentialAction\":[{\"@type\":\"SearchAction\",\"target\":{\"@type\":\"EntryPoint\",\"urlTemplate\":\"https:\/\/www.bonettoautomation.com\/?s={search_term_string}\"},\"query-input\":{\"@type\":\"PropertyValueSpecification\",\"valueRequired\":true,\"valueName\":\"search_term_string\"}}],\"inLanguage\":\"fr-FR\"}]}<\/script>\n<!-- \/ Yoast SEO plugin. -->","yoast_head_json":{"title":"Support technique - Bonetto Automation","description":"Support technique pour l'automation industrielle : interventions sur site, t\u00e9l\u00e9assistance PLC et maintenance pr\u00e9ventive per optimiser vos cycles.","robots":{"index":"index","follow":"follow","max-snippet":"max-snippet:-1","max-image-preview":"max-image-preview:large","max-video-preview":"max-video-preview:-1"},"canonical":"https:\/\/www.bonettoautomation.com\/assistenza-tecnica-automazione-industriale\/","og_locale":"fr_FR","og_type":"article","og_title":"Support technique - Bonetto Automation","og_description":"Support technique pour l'automation industrielle : interventions sur site, t\u00e9l\u00e9assistance PLC et maintenance pr\u00e9ventive per optimiser vos cycles.","og_url":"https:\/\/www.bonettoautomation.com\/assistenza-tecnica-automazione-industriale\/","og_site_name":"Bonetto Automation","article_modified_time":"2026-04-02T21:57:28+00:00","twitter_card":"summary_large_image","twitter_misc":{"Dur\u00e9e de lecture estim\u00e9e":"2 minutes"},"schema":{"@context":"https:\/\/schema.org","@graph":[{"@type":"WebPage","@id":"https:\/\/www.bonettoautomation.com\/assistenza-tecnica-automazione-industriale\/","url":"https:\/\/www.bonettoautomation.com\/assistenza-tecnica-automazione-industriale\/","name":"Support technique - Bonetto Automation","isPartOf":{"@id":"https:\/\/www.bonettoautomation.com\/#website"},"datePublished":"2026-03-22T11:20:54+00:00","dateModified":"2026-04-02T21:57:28+00:00","description":"Support technique pour l'automation industrielle : interventions sur site, t\u00e9l\u00e9assistance PLC et maintenance pr\u00e9ventive per optimiser vos cycles.","breadcrumb":{"@id":"https:\/\/www.bonettoautomation.com\/assistenza-tecnica-automazione-industriale\/#breadcrumb"},"inLanguage":"fr-FR","potentialAction":[{"@type":"ReadAction","target":["https:\/\/www.bonettoautomation.com\/assistenza-tecnica-automazione-industriale\/"]}]},{"@type":"BreadcrumbList","@id":"https:\/\/www.bonettoautomation.com\/assistenza-tecnica-automazione-industriale\/#breadcrumb","itemListElement":[{"@type":"ListItem","position":1,"name":"Home","item":"https:\/\/www.bonettoautomation.com\/fr\/"},{"@type":"ListItem","position":2,"name":"Support technique"}]},{"@type":"WebSite","@id":"https:\/\/www.bonettoautomation.com\/#website","url":"https:\/\/www.bonettoautomation.com\/","name":"Bonetto Automation","description":"","potentialAction":[{"@type":"SearchAction","target":{"@type":"EntryPoint","urlTemplate":"https:\/\/www.bonettoautomation.com\/?s={search_term_string}"},"query-input":{"@type":"PropertyValueSpecification","valueRequired":true,"valueName":"search_term_string"}}],"inLanguage":"fr-FR"}]}},"_links":{"self":[{"href":"https:\/\/www.bonettoautomation.com\/fr\/wp-json\/wp\/v2\/pages\/3922","targetHints":{"allow":["GET"]}}],"collection":[{"href":"https:\/\/www.bonettoautomation.com\/fr\/wp-json\/wp\/v2\/pages"}],"about":[{"href":"https:\/\/www.bonettoautomation.com\/fr\/wp-json\/wp\/v2\/types\/page"}],"author":[{"embeddable":true,"href":"https:\/\/www.bonettoautomation.com\/fr\/wp-json\/wp\/v2\/users\/3"}],"replies":[{"embeddable":true,"href":"https:\/\/www.bonettoautomation.com\/fr\/wp-json\/wp\/v2\/comments?post=3922"}],"version-history":[{"count":2,"href":"https:\/\/www.bonettoautomation.com\/fr\/wp-json\/wp\/v2\/pages\/3922\/revisions"}],"predecessor-version":[{"id":4079,"href":"https:\/\/www.bonettoautomation.com\/fr\/wp-json\/wp\/v2\/pages\/3922\/revisions\/4079"}],"wp:attachment":[{"href":"https:\/\/www.bonettoautomation.com\/fr\/wp-json\/wp\/v2\/media?parent=3922"}],"curies":[{"name":"wp","href":"https:\/\/api.w.org\/{rel}","templated":true}]}}