{"id":660,"date":"2022-08-12T11:08:06","date_gmt":"2022-08-12T11:08:06","guid":{"rendered":"https:\/\/new2022.bonetto-group.com\/contatti\/"},"modified":"2026-02-04T23:09:27","modified_gmt":"2026-02-04T23:09:27","slug":"contatti","status":"publish","type":"page","link":"https:\/\/www.bonettoautomation.com\/fr\/contatti\/","title":{"rendered":"Contacter"},"content":{"rendered":"<section class=\"l-section wpb_row height_large full_height valign_center color_primary with_slider\"><div class=\"l-section-slider\">\n\t\t\t<!-- START Contatti REVOLUTION SLIDER 6.5.31 --><p class=\"rs-p-wp-fix\"><\/p>\n\t\t\t<rs-module-wrap id=\"rev_slider_8_1_wrapper\" data-source=\"gallery\" style=\"visibility:hidden;background:transparent;padding:0;\">\n\t\t\t\t<rs-module id=\"rev_slider_8_1\" style=\"\" data-version=\"6.5.31\">\n\t\t\t\t\t<rs-slides>\n\t\t\t\t\t\t<rs-slide style=\"position: absolute;\" data-key=\"rs-8\" data-title=\"Slide\" data-in=\"o:0;\" data-out=\"a:false;\">\n\t\t\t\t\t\t\t<img decoding=\"async\" src=\"\/\/www.bonettoautomation.com\/wp-content\/plugins\/revslider\/public\/assets\/assets\/dummy.png\" alt=\"\" title=\"vlcsnap-2020-08-28-11h43m12s524 (1)\" width=\"1920\" height=\"1080\" class=\"rev-slidebg tp-rs-img rs-lazyload\" data-lazyload=\"\/\/www.bonettoautomation.com\/wp-content\/uploads\/2023\/03\/vlcsnap-2020-08-28-11h43m12s524-1.png\" data-no-retina>\n<!--\n\t\t\t\t\t\t\t--><rs-layer\n\t\t\t\t\t\t\t\tid=\"slider-8-slide-8-layer-0\" \n\t\t\t\t\t\t\t\tdata-type=\"shape\"\n\t\t\t\t\t\t\t\tdata-rsp_ch=\"on\"\n\t\t\t\t\t\t\t\tdata-xy=\"x:c;y:m;\"\n\t\t\t\t\t\t\t\tdata-text=\"w:normal;s:20,20,12,7;l:0,0,15,9;\"\n\t\t\t\t\t\t\t\tdata-dim=\"w:100%;h:100%;\"\n\t\t\t\t\t\t\t\tdata-basealign=\"slide\"\n\t\t\t\t\t\t\t\tdata-blendmode=\"multiply\"\n\t\t\t\t\t\t\t\tdata-frame_999=\"o:0;st:w;sR:8700;\"\n\t\t\t\t\t\t\t\tstyle=\"z-index:8;background-color:rgba(21,47,78,0.55);\"\n\t\t\t\t\t\t\t> \n\t\t\t\t\t\t\t<\/rs-layer><!--\n\n\t\t\t\t\t\t\t--><rs-layer\n\t\t\t\t\t\t\t\tid=\"slider-8-slide-8-layer-1\" \n\t\t\t\t\t\t\t\tclass=\"univers\"\n\t\t\t\t\t\t\t\tdata-type=\"text\"\n\t\t\t\t\t\t\t\tdata-rsp_ch=\"on\"\n\t\t\t\t\t\t\t\tdata-xy=\"xo:0,0,50px,40px;y:m;yo:0,0,0,-2px;\"\n\t\t\t\t\t\t\t\tdata-text=\"w:normal;s:84,84,52,32;l:96,96,60,52;\"\n\t\t\t\t\t\t\t\tdata-frame_999=\"o:0;st:w;sR:8700;\"\n\t\t\t\t\t\t\t\tstyle=\"z-index:11;font-family:'Roboto';\"\n\t\t\t\t\t\t\t>Engineering the future in <br \/>\n<br \/>\nAutomation \n\t\t\t\t\t\t\t<\/rs-layer><!--\n\n\t\t\t\t\t\t\t--><rs-layer\n\t\t\t\t\t\t\t\tid=\"slider-8-slide-8-layer-2\" \n\t\t\t\t\t\t\t\tclass=\"univers-bold gold\"\n\t\t\t\t\t\t\t\tdata-type=\"text\"\n\t\t\t\t\t\t\t\tdata-color=\"#ffdf3c\"\n\t\t\t\t\t\t\t\tdata-rsp_ch=\"on\"\n\t\t\t\t\t\t\t\tdata-xy=\"xo:0,0,50px,40px;y:m;\"\n\t\t\t\t\t\t\t\tdata-text=\"w:normal;s:84,84,52,32;l:96,96,60,37;fw:700;\"\n\t\t\t\t\t\t\t\tdata-frame_0=\"y:-50,-50,-31,-19;\"\n\t\t\t\t\t\t\t\tdata-frame_1=\"e:power4.out;sp:1000;\"\n\t\t\t\t\t\t\t\tdata-frame_999=\"y:50,50,31,19;o:0;e:power4.in;st:3630;sp:1000;sR:2630;\"\n\t\t\t\t\t\t\t\tstyle=\"z-index:10;font-family:'Roboto';\"\n\t\t\t\t\t\t\t>INDUSTRIAL \n\t\t\t\t\t\t\t<\/rs-layer><!--\n\n\t\t\t\t\t\t\t--><rs-layer\n\t\t\t\t\t\t\t\tid=\"slider-8-slide-8-layer-3\" \n\t\t\t\t\t\t\t\tclass=\"univers-bold gold\"\n\t\t\t\t\t\t\t\tdata-type=\"text\"\n\t\t\t\t\t\t\t\tdata-color=\"#ffdf3c\"\n\t\t\t\t\t\t\t\tdata-rsp_ch=\"on\"\n\t\t\t\t\t\t\t\tdata-xy=\"xo:0,0,50px,40px;y:m;\"\n\t\t\t\t\t\t\t\tdata-text=\"w:normal;s:84,84,52,32;l:96,96,60,37;fw:700;\"\n\t\t\t\t\t\t\t\tdata-frame_0=\"y:-50,-50,-31,-19;\"\n\t\t\t\t\t\t\t\tdata-frame_1=\"e:power4.out;st:4630;sp:1000;sR:4630;\"\n\t\t\t\t\t\t\t\tdata-frame_999=\"y:50,50,31,19;o:0;e:power4.in;st:8010;sp:1000;sR:2380;\"\n\t\t\t\t\t\t\t\tstyle=\"z-index:9;font-family:'Roboto';\"\n\t\t\t\t\t\t\t>MEDICAL \n\t\t\t\t\t\t\t<\/rs-layer><!--\n-->\t\t\t\t\t\t<\/rs-slide>\n\t\t\t\t\t\t<rs-slide style=\"position: absolute;\" data-key=\"rs-81\" data-title=\"Slide\" data-in=\"o:0;\" data-out=\"a:false;\">\n\t\t\t\t\t\t\t<img decoding=\"async\" src=\"\/\/www.bonettoautomation.com\/wp-content\/plugins\/revslider\/public\/assets\/assets\/dummy.png\" alt=\"\" title=\"vlcsnap-2020-08-28-11h43m12s524 (1)\" width=\"1920\" height=\"1080\" class=\"rev-slidebg tp-rs-img rs-lazyload\" data-lazyload=\"\/\/www.bonettoautomation.com\/wp-content\/uploads\/2023\/03\/vlcsnap-2020-08-28-11h43m12s524-1.png\" data-no-retina>\n<!--\n\t\t\t\t\t\t\t--><rs-layer\n\t\t\t\t\t\t\t\tid=\"slider-8-slide-81-layer-0\" \n\t\t\t\t\t\t\t\tdata-type=\"shape\"\n\t\t\t\t\t\t\t\tdata-rsp_ch=\"on\"\n\t\t\t\t\t\t\t\tdata-xy=\"x:c;y:m;\"\n\t\t\t\t\t\t\t\tdata-text=\"w:normal;s:20,20,12,7;l:0,0,15,9;\"\n\t\t\t\t\t\t\t\tdata-dim=\"w:100%;h:100%;\"\n\t\t\t\t\t\t\t\tdata-basealign=\"slide\"\n\t\t\t\t\t\t\t\tdata-blendmode=\"multiply\"\n\t\t\t\t\t\t\t\tdata-frame_999=\"o:0;st:w;sR:8700;\"\n\t\t\t\t\t\t\t\tstyle=\"z-index:8;background-color:rgba(21,47,78,0.55);\"\n\t\t\t\t\t\t\t> \n\t\t\t\t\t\t\t<\/rs-layer><!--\n\n\t\t\t\t\t\t\t--><rs-layer\n\t\t\t\t\t\t\t\tid=\"slider-8-slide-81-layer-1\" \n\t\t\t\t\t\t\t\tclass=\"univers\"\n\t\t\t\t\t\t\t\tdata-type=\"text\"\n\t\t\t\t\t\t\t\tdata-rsp_ch=\"on\"\n\t\t\t\t\t\t\t\tdata-xy=\"xo:0,0,50px,40px;y:m;yo:0,0,0,-2px;\"\n\t\t\t\t\t\t\t\tdata-text=\"w:normal;s:84,84,52,32;l:96,96,60,52;\"\n\t\t\t\t\t\t\t\tdata-frame_999=\"o:0;st:w;sR:8700;\"\n\t\t\t\t\t\t\t\tstyle=\"z-index:11;font-family:'Roboto';\"\n\t\t\t\t\t\t\t>Engineering the future in <br \/>\n<br \/>\nAutomation \n\t\t\t\t\t\t\t<\/rs-layer><!--\n\n\t\t\t\t\t\t\t--><rs-layer\n\t\t\t\t\t\t\t\tid=\"slider-8-slide-81-layer-2\" \n\t\t\t\t\t\t\t\tclass=\"univers-bold gold\"\n\t\t\t\t\t\t\t\tdata-type=\"text\"\n\t\t\t\t\t\t\t\tdata-color=\"#ffdf3c\"\n\t\t\t\t\t\t\t\tdata-rsp_ch=\"on\"\n\t\t\t\t\t\t\t\tdata-xy=\"xo:0,0,50px,40px;y:m;\"\n\t\t\t\t\t\t\t\tdata-text=\"w:normal;s:84,84,52,32;l:96,96,60,37;fw:700;\"\n\t\t\t\t\t\t\t\tdata-frame_0=\"y:-50,-50,-31,-19;\"\n\t\t\t\t\t\t\t\tdata-frame_1=\"e:power4.out;sp:1000;\"\n\t\t\t\t\t\t\t\tdata-frame_999=\"y:50,50,31,19;o:0;e:power4.in;st:3630;sp:1000;sR:2630;\"\n\t\t\t\t\t\t\t\tstyle=\"z-index:10;font-family:'Roboto';\"\n\t\t\t\t\t\t\t>INDUSTRIAL \n\t\t\t\t\t\t\t<\/rs-layer><!--\n\n\t\t\t\t\t\t\t--><rs-layer\n\t\t\t\t\t\t\t\tid=\"slider-8-slide-81-layer-3\" \n\t\t\t\t\t\t\t\tclass=\"univers-bold gold\"\n\t\t\t\t\t\t\t\tdata-type=\"text\"\n\t\t\t\t\t\t\t\tdata-color=\"#ffdf3c\"\n\t\t\t\t\t\t\t\tdata-rsp_ch=\"on\"\n\t\t\t\t\t\t\t\tdata-xy=\"xo:0,0,50px,40px;y:m;\"\n\t\t\t\t\t\t\t\tdata-text=\"w:normal;s:84,84,52,32;l:96,96,60,37;fw:700;\"\n\t\t\t\t\t\t\t\tdata-frame_0=\"y:-50,-50,-31,-19;\"\n\t\t\t\t\t\t\t\tdata-frame_1=\"e:power4.out;st:4630;sp:1000;sR:4630;\"\n\t\t\t\t\t\t\t\tdata-frame_999=\"y:50,50,31,19;o:0;e:power4.in;st:8010;sp:1000;sR:2380;\"\n\t\t\t\t\t\t\t\tstyle=\"z-index:9;font-family:'Roboto';\"\n\t\t\t\t\t\t\t>MEDICAL \n\t\t\t\t\t\t\t<\/rs-layer><!--\n-->\t\t\t\t\t\t<\/rs-slide>\n\t\t\t\t\t<\/rs-slides>\n\t\t\t\t<\/rs-module>\n\t\t\t\t<script>\n\t\t\t\t\tsetREVStartSize({c: 'rev_slider_8_1',rl:[1240,1240,778,480],el:[900,900,960,720],gw:[1240,1240,778,480],gh:[900,900,960,720],type:'standard',justify:'',layout:'fullscreen',offsetContainer:'',offset:'',mh:\"0\"});if (window.RS_MODULES!==undefined && window.RS_MODULES.modules!==undefined && window.RS_MODULES.modules[\"revslider81\"]!==undefined) {window.RS_MODULES.modules[\"revslider81\"].once = false;window.revapi8 = undefined;if (window.RS_MODULES.checkMinimal!==undefined) window.RS_MODULES.checkMinimal()}\n\t\t\t\t<\/script>\n\t\t\t<\/rs-module-wrap>\n\t\t\t<!-- END REVOLUTION SLIDER -->\n<\/div><div class=\"l-section-h i-cf\"><div class=\"g-cols vc_row via_flex valign_top type_default stacking_default\"><div class=\"vc_col-sm-12 wpb_column vc_column_container\"><div class=\"vc_column-inner\"><div class=\"wpb_wrapper\"><\/div><\/div><\/div><\/div><\/div><\/section><section class=\"l-section wpb_row height_medium\"><div class=\"l-section-h i-cf\"><div class=\"g-cols vc_row via_flex valign_top type_default stacking_default\"><div class=\"vc_col-sm-3 wpb_column vc_column_container\"><div class=\"vc_column-inner\"><div class=\"wpb_wrapper\"><\/div><\/div><\/div><div class=\"vc_col-sm-6 wpb_column vc_column_container\"><div class=\"vc_column-inner\"><div class=\"wpb_wrapper\"><div class=\"wpb_text_column\"><div class=\"wpb_wrapper\"><p style=\"text-align: center;\">Pour toute information sur nos solutions, pour vos demandes de devis et pour le support commercial, vous pouvez contacter directement notre \u00e9quipe \u00e0 l\u2019adresse suivante :<\/p>\n<p style=\"text-align: center;\"><strong>Service commercial<\/strong><br \/>\n<a href=\"mailto:sales@bonettoautomazioni.com\">sales@bonettoautomazioni.com<\/a><\/p>\n<p style=\"text-align: center;\">L\u2019\u00e9quipe BONETTO AUTOMATION est \u00e0 votre disposition pour vous fournir toutes les informations n\u00e9cessaires et vous accompagner dans le choix de la solution la plus adapt\u00e9e \u00e0 vos besoins.<\/p>\n<\/div><\/div><div class=\"w-separator size_small with_line width_30 thick_1 style_solid color_text align_center\"><div class=\"w-separator-h\"><\/div><\/div><div class=\"w-btn-wrapper align_center\"><a class=\"w-btn us-btn-style_1\" href=\"mailto:sales@bonettoautomazioni.com\"><span class=\"w-btn-label\">Contactez-nous<\/span><\/a><\/div><\/div><\/div><\/div><div class=\"vc_col-sm-3 wpb_column vc_column_container\"><div class=\"vc_column-inner\"><div class=\"wpb_wrapper\"><\/div><\/div><\/div><\/div><\/div><\/section><section class=\"l-section wpb_row us_custom_b776650d height_medium color_primary\"><div class=\"l-section-h i-cf\"><div class=\"g-cols vc_row via_flex valign_top type_default stacking_default\" style=\"--additional-gap:10px;\"><div class=\"vc_col-sm-6 wpb_column vc_column_container\"><div class=\"vc_column-inner\"><div class=\"wpb_wrapper\"><div class=\"wpb_text_column\"><div class=\"wpb_wrapper\"><h6>QUARTIER G\u00c9N\u00c9RAL<\/h6>\n<h3><strong>BONETTO GROUP<\/strong><\/h3>\n<p>Via Ferrua, 1 \u2013 10064 Pinerolo TO<br \/>\n<strong>TEL<\/strong>\u00a0+39 0121.500793<br \/>\n<strong>MAIL<\/strong> sales@bonettoautomazioni.com<\/p>\n<\/div><\/div><div class=\"w-separator size_small with_line width_default thick_1 style_solid color_text align_center\"><div class=\"w-separator-h\"><\/div><\/div><div class=\"wpb_text_column\"><div class=\"wpb_wrapper\"><h3><strong>BONETTO CHINA<\/strong><\/h3>\n<p>No.815.Baoyuan 6 Rd. Jiangqiao Town, Jiading Dist<br \/>\n\u4e0a\u6d77\u5e02\u5609\u5b9a\u533a\u6c5f\u6865\u9547\u5b9d\u56ed6\u8def815\u53f7<br \/>\n201812 Shanghai -China \u90ae\u7f16:201812<\/p>\n<\/div><\/div><div class=\"w-separator size_small with_line width_default thick_1 style_solid color_text align_center\"><div class=\"w-separator-h\"><\/div><\/div><div class=\"wpb_text_column\"><div class=\"wpb_wrapper\"><h3><strong>MELFORM<\/strong><\/h3>\n<h6>BONETTO GROUP<\/h6>\n<p>Via Martiri del XXI, 76<br \/>\n10064, Pinerolo (TO) \u2013 Italie<br \/>\nTEL +39 0172 81260<br \/>\nMAIL<a href=\"mailto:info@melform.com\">info@melform.com<\/a><\/p>\n<\/div><\/div><\/div><\/div><\/div><div class=\"vc_col-sm-6 wpb_column vc_column_container\"><div class=\"vc_column-inner\"><div class=\"wpb_wrapper\"><div class=\"wpb_text_column\"><div class=\"wpb_wrapper\"><h4>Envoyez votre message<\/h4>\n<\/div><\/div><div class=\"w-separator size_small\"><\/div><form class=\"w-form  layout_ver for_cform us_form_1\" autocomplete=\"off\" action=\"https:\/\/www.bonettoautomation.com\/fr\/wp-json\/wp\/v2\/pages\/660\" method=\"post\"><div class=\"w-form-h\"><div class=\"w-form-row for_text required with_icon\">\r\n\t\t<div class=\"w-form-row-field\">\r\n\t\t\t\t<i class=\"far fa-user\"><\/i>\t\t<input aria-label=\"Ne me\" type=\"text\" name=\"us_form_1_text_1\" value placeholder=\"Ne me *\" data-required=\"true\" aria-required=\"true\"\/>\r\n\t\t\t<\/div>\r\n\t\t<div class=\"w-form-row-state\">Vous devez remplir ce champ<\/div>\r\n<\/div>\r\n<div class=\"w-form-row for_text required with_icon\">\r\n\t\t<div class=\"w-form-row-field\">\r\n\t\t\t\t<i class=\"far fa-envelope\"><\/i>\t\t<input aria-label=\"Email\" type=\"text\" name=\"us_form_1_text_2\" value placeholder=\"Email *\" data-required=\"true\" aria-required=\"true\"\/>\r\n\t\t\t<\/div>\r\n\t\t<div class=\"w-form-row-state\">Vous devez remplir ce champ<\/div>\r\n<\/div>\r\n<div class=\"w-form-row for_text with_icon\">\r\n\t\t<div class=\"w-form-row-field\">\r\n\t\t\t\t<i class=\"far fa-phone\"><\/i>\t\t<input aria-label=\"T\u00e9l\u00e9phone\" type=\"text\" name=\"us_form_1_text_3\" value placeholder=\"T\u00e9l\u00e9phone\"\/>\r\n\t\t\t<\/div>\r\n\t\t<div class=\"w-form-row-state\">Vous devez remplir ce champ<\/div>\r\n<\/div>\r\n<div class=\"w-form-row for_textarea with_icon\">\r\n\t\t<div class=\"w-form-row-field\">\r\n\t\t\t\t<i class=\"far fa-pencil\"><\/i>\t\t<textarea aria-label=\"Message\" name=\"us_form_1_textarea_1\" placeholder=\"Message\"><\/textarea>\r\n\t\t\t<\/div>\r\n\t\t<div class=\"w-form-row-state\">Vous devez remplir ce champ<\/div>\r\n<\/div>\r\n<div class=\"w-form-row for_agreement required\">\r\n\t\t<div class=\"w-form-row-field\">\r\n\t\t\t\t<label>\r\n\t\t\t<input type=\"checkbox\" class=\"screen-reader-text\" value=\"1\" data-required=\"true\" aria-required=\"true\" name=\"us_form_1_agreement_1\"\/>\r\n\t\t\t<span class=\"w-form-checkbox\"><\/span>\r\n\t\t\t<span>Cliccando qui dichiari di aver preso visione della nostra <a href=\"https:\/\/bonetto-group.com\/privacy-cookie-policy\/\">Informativa privacy<\/a> e autorizzi al trattamento dei tuoi dati personali secondo quanto stabilisce il nuovo regolamento europeo (GDPR n. 679\/2016) <\/span>\r\n\t\t<\/label>\r\n\t\t\t<\/div>\r\n\t\t<div class=\"w-form-row-state\">Vous devez accepter les conditions pour continuer<\/div>\r\n<\/div>\r\n<input type=\"hidden\" name=\"action\" value=\"us_ajax_cform\" \/>\r\n<input type=\"hidden\" name=\"post_id\" value=\"0\" \/>\r\n<input type=\"hidden\" name=\"form_index\" value=\"1\" \/>\r\n<div class=\"w-form-row for_submit align_center\">\r\n\t<div class=\"w-form-row-field\">\r\n\t\t<button class=\"w-btn  us-btn-style_4\" aria-label=\"Invia messaggio\" type=\"submit\">\r\n\t\t\t<span class=\"g-preloader type_1\"><\/span>\r\n\t\t\t\t\t\t<span class=\"w-btn-label\">Invia messaggio<\/span>\r\n\t\t\t\t\t<\/button>\r\n\t<\/div>\r\n<\/div>\r\n<\/div><div class=\"w-form-message\"><\/div><div class=\"w-form-json hidden\" onclick='return {&quot;ajaxurl&quot;:&quot;https:\\\/\\\/www.bonettoautomation.com\\\/wp-admin\\\/admin-ajax.php&quot;,&quot;messages&quot;:{&quot;err_empty&quot;:&quot;Vous devez remplir ce champ&quot;,&quot;err_size&quot;:&quot;La taille du fichier ne peut pas d\\u00e9passer %s Mo&quot;,&quot;err_extension&quot;:&quot;Le type de fichier %s n&#039;est pas autoris\\u00e9&quot;}}'><\/div><\/form><\/div><\/div><\/div><\/div><\/div><\/section><section class=\"l-section wpb_row height_auto width_full\"><div class=\"l-section-h i-cf\"><div class=\"g-cols vc_row via_flex valign_top type_default stacking_default\"><div class=\"vc_col-sm-12 wpb_column vc_column_container\"><div class=\"vc_column-inner\"><div class=\"wpb_wrapper\">[vc_raw_html]JTVCd3BnbXphJTIwaWQlM0QlMjIxJTIyJTVE[\/vc_raw_html]<\/div><\/div><\/div><\/div><\/div><\/section>\n","protected":false},"excerpt":{"rendered":"Engineering the future in Automation INDUSTRIAL MEDICAL Engineering the future in Automation INDUSTRIAL MEDICAL Pour toute information sur nos solutions, pour vos demandes de devis et pour le support commercial, vous pouvez contacter directement notre \u00e9quipe \u00e0 l\u2019adresse suivante : Service commercial sales@bonettoautomazioni.com L\u2019\u00e9quipe BONETTO AUTOMATION est \u00e0 votre disposition pour vous fournir toutes les...","protected":false},"author":1,"featured_media":0,"parent":0,"menu_order":0,"comment_status":"closed","ping_status":"closed","template":"","meta":{"footnotes":""},"class_list":["post-660","page","type-page","status-publish","hentry"],"yoast_head":"<!-- This site is optimized with the Yoast SEO plugin v23.5 - https:\/\/yoast.com\/wordpress\/plugins\/seo\/ -->\n<title>Contacter - Bonetto Automation<\/title>\n<meta name=\"robots\" content=\"index, follow, max-snippet:-1, max-image-preview:large, max-video-preview:-1\" \/>\n<link rel=\"canonical\" href=\"https:\/\/www.bonettoautomation.com\/?page_id=71\" \/>\n<meta property=\"og:locale\" content=\"fr_FR\" \/>\n<meta property=\"og:type\" content=\"article\" \/>\n<meta property=\"og:title\" content=\"Contacter - Bonetto Automation\" \/>\n<meta property=\"og:url\" content=\"https:\/\/www.bonettoautomation.com\/?page_id=71\" \/>\n<meta property=\"og:site_name\" content=\"Bonetto Automation\" \/>\n<meta property=\"article:modified_time\" content=\"2026-02-04T23:09:27+00:00\" \/>\n<meta name=\"twitter:card\" content=\"summary_large_image\" \/>\n<meta name=\"twitter:label1\" content=\"Dur\u00e9e de lecture estim\u00e9e\" \/>\n\t<meta name=\"twitter:data1\" content=\"1 minute\" \/>\n<script type=\"application\/ld+json\" class=\"yoast-schema-graph\">{\"@context\":\"https:\/\/schema.org\",\"@graph\":[{\"@type\":\"WebPage\",\"@id\":\"https:\/\/www.bonettoautomation.com\/?page_id=71\",\"url\":\"https:\/\/www.bonettoautomation.com\/?page_id=71\",\"name\":\"Contacter - Bonetto Automation\",\"isPartOf\":{\"@id\":\"https:\/\/www.bonettoautomation.com\/#website\"},\"datePublished\":\"2022-08-12T11:08:06+00:00\",\"dateModified\":\"2026-02-04T23:09:27+00:00\",\"breadcrumb\":{\"@id\":\"https:\/\/www.bonettoautomation.com\/?page_id=71#breadcrumb\"},\"inLanguage\":\"fr-FR\",\"potentialAction\":[{\"@type\":\"ReadAction\",\"target\":[\"https:\/\/www.bonettoautomation.com\/?page_id=71\"]}]},{\"@type\":\"BreadcrumbList\",\"@id\":\"https:\/\/www.bonettoautomation.com\/?page_id=71#breadcrumb\",\"itemListElement\":[{\"@type\":\"ListItem\",\"position\":1,\"name\":\"Home\",\"item\":\"https:\/\/www.bonettoautomation.com\/fr\/\"},{\"@type\":\"ListItem\",\"position\":2,\"name\":\"Contacter\"}]},{\"@type\":\"WebSite\",\"@id\":\"https:\/\/www.bonettoautomation.com\/#website\",\"url\":\"https:\/\/www.bonettoautomation.com\/\",\"name\":\"Bonetto Automation\",\"description\":\"\",\"potentialAction\":[{\"@type\":\"SearchAction\",\"target\":{\"@type\":\"EntryPoint\",\"urlTemplate\":\"https:\/\/www.bonettoautomation.com\/?s={search_term_string}\"},\"query-input\":{\"@type\":\"PropertyValueSpecification\",\"valueRequired\":true,\"valueName\":\"search_term_string\"}}],\"inLanguage\":\"fr-FR\"}]}<\/script>\n<!-- \/ Yoast SEO plugin. -->","yoast_head_json":{"title":"Contacter - Bonetto Automation","robots":{"index":"index","follow":"follow","max-snippet":"max-snippet:-1","max-image-preview":"max-image-preview:large","max-video-preview":"max-video-preview:-1"},"canonical":"https:\/\/www.bonettoautomation.com\/?page_id=71","og_locale":"fr_FR","og_type":"article","og_title":"Contacter - Bonetto Automation","og_url":"https:\/\/www.bonettoautomation.com\/?page_id=71","og_site_name":"Bonetto Automation","article_modified_time":"2026-02-04T23:09:27+00:00","twitter_card":"summary_large_image","twitter_misc":{"Dur\u00e9e de lecture estim\u00e9e":"1 minute"},"schema":{"@context":"https:\/\/schema.org","@graph":[{"@type":"WebPage","@id":"https:\/\/www.bonettoautomation.com\/?page_id=71","url":"https:\/\/www.bonettoautomation.com\/?page_id=71","name":"Contacter - Bonetto Automation","isPartOf":{"@id":"https:\/\/www.bonettoautomation.com\/#website"},"datePublished":"2022-08-12T11:08:06+00:00","dateModified":"2026-02-04T23:09:27+00:00","breadcrumb":{"@id":"https:\/\/www.bonettoautomation.com\/?page_id=71#breadcrumb"},"inLanguage":"fr-FR","potentialAction":[{"@type":"ReadAction","target":["https:\/\/www.bonettoautomation.com\/?page_id=71"]}]},{"@type":"BreadcrumbList","@id":"https:\/\/www.bonettoautomation.com\/?page_id=71#breadcrumb","itemListElement":[{"@type":"ListItem","position":1,"name":"Home","item":"https:\/\/www.bonettoautomation.com\/fr\/"},{"@type":"ListItem","position":2,"name":"Contacter"}]},{"@type":"WebSite","@id":"https:\/\/www.bonettoautomation.com\/#website","url":"https:\/\/www.bonettoautomation.com\/","name":"Bonetto Automation","description":"","potentialAction":[{"@type":"SearchAction","target":{"@type":"EntryPoint","urlTemplate":"https:\/\/www.bonettoautomation.com\/?s={search_term_string}"},"query-input":{"@type":"PropertyValueSpecification","valueRequired":true,"valueName":"search_term_string"}}],"inLanguage":"fr-FR"}]}},"_links":{"self":[{"href":"https:\/\/www.bonettoautomation.com\/fr\/wp-json\/wp\/v2\/pages\/660","targetHints":{"allow":["GET"]}}],"collection":[{"href":"https:\/\/www.bonettoautomation.com\/fr\/wp-json\/wp\/v2\/pages"}],"about":[{"href":"https:\/\/www.bonettoautomation.com\/fr\/wp-json\/wp\/v2\/types\/page"}],"author":[{"embeddable":true,"href":"https:\/\/www.bonettoautomation.com\/fr\/wp-json\/wp\/v2\/users\/1"}],"replies":[{"embeddable":true,"href":"https:\/\/www.bonettoautomation.com\/fr\/wp-json\/wp\/v2\/comments?post=660"}],"version-history":[{"count":9,"href":"https:\/\/www.bonettoautomation.com\/fr\/wp-json\/wp\/v2\/pages\/660\/revisions"}],"predecessor-version":[{"id":2534,"href":"https:\/\/www.bonettoautomation.com\/fr\/wp-json\/wp\/v2\/pages\/660\/revisions\/2534"}],"wp:attachment":[{"href":"https:\/\/www.bonettoautomation.com\/fr\/wp-json\/wp\/v2\/media?parent=660"}],"curies":[{"name":"wp","href":"https:\/\/api.w.org\/{rel}","templated":true}]}}